{"id":1724,"date":"2022-01-05T16:53:14","date_gmt":"2022-01-05T14:53:14","guid":{"rendered":"http:\/\/haven.andereya.info\/?page_id=1724"},"modified":"2022-05-20T14:52:41","modified_gmt":"2022-05-20T12:52:41","slug":"santa-cruz","status":"publish","type":"page","link":"https:\/\/tenerife.andereya.info\/es\/santa-cruz","title":{"rendered":"Santa Cruz"},"content":{"rendered":"<div data-elementor-type=\"wp-page\" data-elementor-id=\"1724\" class=\"elementor elementor-1724\">\n\t\t\t\t\t\t<section class=\"elementor-section elementor-top-section elementor-element elementor-element-6392a68 elementor-section-boxed elementor-section-height-default elementor-section-height-default\" data-id=\"6392a68\" data-element_type=\"section\" data-e-type=\"section\" data-settings=\"{&quot;background_background&quot;:&quot;classic&quot;}\">\n\t\t\t\t\t\t<div class=\"elementor-container elementor-column-gap-default\">\n\t\t\t\t\t<div class=\"elementor-column elementor-col-100 elementor-top-column elementor-element elementor-element-83ccfbc\" data-id=\"83ccfbc\" data-element_type=\"column\" data-e-type=\"column\" data-settings=\"{&quot;background_background&quot;:&quot;classic&quot;}\">\n\t\t\t<div class=\"elementor-widget-wrap elementor-element-populated\">\n\t\t\t\t\t\t<section class=\"elementor-section elementor-inner-section elementor-element elementor-element-1267e3e elementor-section-boxed elementor-section-height-default elementor-section-height-default\" data-id=\"1267e3e\" data-element_type=\"section\" data-e-type=\"section\" data-settings=\"{&quot;background_background&quot;:&quot;gradient&quot;}\">\n\t\t\t\t\t\t<div class=\"elementor-container elementor-column-gap-default\">\n\t\t\t\t\t<div class=\"elementor-column elementor-col-50 elementor-inner-column elementor-element elementor-element-c8377cb\" data-id=\"c8377cb\" data-element_type=\"column\" data-e-type=\"column\" data-settings=\"{&quot;background_background&quot;:&quot;classic&quot;}\">\n\t\t\t<div class=\"elementor-widget-wrap elementor-element-populated\">\n\t\t\t\t\t\t<div class=\"elementor-element elementor-element-9af01cc elementor-widget elementor-widget-video\" data-id=\"9af01cc\" data-element_type=\"widget\" data-e-type=\"widget\" data-settings=\"{&quot;video_type&quot;:&quot;hosted&quot;,&quot;autoplay&quot;:&quot;yes&quot;,&quot;mute&quot;:&quot;yes&quot;,&quot;loop&quot;:&quot;yes&quot;,&quot;controls&quot;:&quot;yes&quot;}\" data-no-translation=\"\" data-widget_type=\"video.default\">\n\t\t\t\t<div class=\"elementor-widget-container\">\n\t\t\t\t\t<style>.elementor-element-9af01cc{display:none !important}<\/style>\t\t\t\t<\/div>\n\t\t\t\t<\/div>\n\t\t\t\t<div class=\"elementor-element elementor-element-e8dd543 elementor-widget elementor-widget-video\" data-id=\"e8dd543\" data-element_type=\"widget\" data-e-type=\"widget\" data-settings=\"{&quot;video_type&quot;:&quot;hosted&quot;,&quot;autoplay&quot;:&quot;yes&quot;,&quot;mute&quot;:&quot;yes&quot;,&quot;loop&quot;:&quot;yes&quot;,&quot;controls&quot;:&quot;yes&quot;}\" data-no-translation=\"\" data-widget_type=\"video.default\">\n\t\t\t\t<div class=\"elementor-widget-container\">\n\t\t\t\t\t\t\t<div class=\"e-hosted-video elementor-wrapper elementor-open-inline\">\n\t\t\t\t\t<video class=\"elementor-video\" src=\"http:\/\/tenerife.andereya.info\/wp-content\/uploads\/2022\/03\/Insta-1_es.mov\" autoplay=\"\" loop=\"\" controls=\"\" muted=\"muted\" controlslist=\"nodownload\"><\/video>\n\t\t\t\t<\/div>\n\t\t\t\t\t\t<\/div>\n\t\t\t\t<\/div>\n\t\t\t\t\t<\/div>\n\t\t<\/div>\n\t\t\t\t<div class=\"elementor-column elementor-col-50 elementor-inner-column elementor-element elementor-element-e6e7c99\" data-id=\"e6e7c99\" data-element_type=\"column\" data-e-type=\"column\" data-settings=\"{&quot;background_background&quot;:&quot;classic&quot;}\">\n\t\t\t<div class=\"elementor-widget-wrap elementor-element-populated\">\n\t\t\t\t\t\t<div class=\"elementor-element elementor-element-289f62b elementor-widget elementor-widget-text-editor\" data-id=\"289f62b\" data-element_type=\"widget\" data-e-type=\"widget\" data-widget_type=\"text-editor.default\">\n\t\t\t\t<div class=\"elementor-widget-container\">\n\t\t\t\t\t\t\t\t\t<p><span style=\"font-family: impact, sans-serif; font-size: 36pt; color: #d9fe51;\"><strong>SANTA CRUZ&#8230;\u00a0<\/strong><\/span><\/p><p><strong><span style=\"font-family: 'courier new', courier, monospace; color: #000000; font-size: 14pt;\">...es la capital de Tenerife y ciudad portuaria, situada en el noreste de la isla. La zona cuenta (junto con La Laguna, Tegueste y El Rosario) con mas de 423.000 habitantes. Santa Cruz es donde vive casi un 50% de la poblaci\u00f3n insular y est\u00e1 marcada de forma decisiva por su puerto, que es uno de los mayores puertos mar\u00edtimos espa\u00f1oles del Atl\u00e1ntico.\u00a0<\/span><\/strong><\/p><p><strong><span style=\"font-family: 'courier new', courier, monospace; color: #000000; font-size: 14pt;\">En Santa Cruz se celebra cada a\u00f1o el segundo carnaval m\u00e1s grande del mundo.<\/span><\/strong><\/p>\t\t\t\t\t\t\t\t<\/div>\n\t\t\t\t<\/div>\n\t\t\t\t\t<\/div>\n\t\t<\/div>\n\t\t\t\t\t<\/div>\n\t\t<\/section>\n\t\t\t\t\t<\/div>\n\t\t<\/div>\n\t\t\t\t\t<\/div>\n\t\t<\/section>\n\t\t\t\t<section class=\"elementor-section elementor-top-section elementor-element elementor-element-75e3d5f elementor-section-boxed elementor-section-height-default elementor-section-height-default\" data-id=\"75e3d5f\" data-element_type=\"section\" data-e-type=\"section\" data-settings=\"{&quot;background_background&quot;:&quot;classic&quot;}\">\n\t\t\t\t\t\t<div class=\"elementor-container elementor-column-gap-default\">\n\t\t\t\t\t<div class=\"elementor-column elementor-col-100 elementor-top-column elementor-element elementor-element-898f946\" data-id=\"898f946\" data-element_type=\"column\" data-e-type=\"column\" data-settings=\"{&quot;background_background&quot;:&quot;classic&quot;}\">\n\t\t\t<div class=\"elementor-widget-wrap elementor-element-populated\">\n\t\t\t\t\t\t<section class=\"elementor-section elementor-inner-section elementor-element elementor-element-b03c985 elementor-section-boxed elementor-section-height-default elementor-section-height-default\" data-id=\"b03c985\" data-element_type=\"section\" data-e-type=\"section\" data-settings=\"{&quot;background_background&quot;:&quot;gradient&quot;}\">\n\t\t\t\t\t\t<div class=\"elementor-container elementor-column-gap-default\">\n\t\t\t\t\t<div class=\"elementor-column elementor-col-33 elementor-inner-column elementor-element elementor-element-cc887de\" data-id=\"cc887de\" data-element_type=\"column\" data-e-type=\"column\" data-settings=\"{&quot;background_background&quot;:&quot;classic&quot;}\">\n\t\t\t<div class=\"elementor-widget-wrap elementor-element-populated\">\n\t\t\t\t\t\t<div class=\"elementor-element elementor-element-8bbc93e elementor-widget elementor-widget-text-editor\" data-id=\"8bbc93e\" data-element_type=\"widget\" data-e-type=\"widget\" data-widget_type=\"text-editor.default\">\n\t\t\t\t<div class=\"elementor-widget-container\">\n\t\t\t\t\t\t\t\t\t<p><span style=\"color: #cfff00; font-family: impact, sans-serif;\"><span style=\"font-size: 24px;\">PUESTO POR DIOS EN NUESTRO CORAZ\u00d3N<\/span><\/span><\/p><p><span style=\"color: #ffffff; font-size: 10pt; font-family: 'courier new', courier, monospace;\"><strong>...llevamos 10 a\u00f1os volando a Tenerife cada verano. Hemos llegado a amar la isla no s\u00f3lo como destino de vacaciones, sino tambi\u00e9n a la gente que hemos conocido all\u00ed a lo largo de los a\u00f1os. Hemos podido compartir el evangelio con algunos de ellos, pero siempre ha sido dif\u00edcil ponerlos en contacto con las iglesias locales.\u00a0<\/strong><\/span><\/p>\t\t\t\t\t\t\t\t<\/div>\n\t\t\t\t<\/div>\n\t\t\t\t\t<\/div>\n\t\t<\/div>\n\t\t\t\t<div class=\"elementor-column elementor-col-33 elementor-inner-column elementor-element elementor-element-b59d15e\" data-id=\"b59d15e\" data-element_type=\"column\" data-e-type=\"column\">\n\t\t\t<div class=\"elementor-widget-wrap elementor-element-populated\">\n\t\t\t\t\t\t<div class=\"elementor-element elementor-element-1144e65 elementor-widget elementor-widget-text-editor\" data-id=\"1144e65\" data-element_type=\"widget\" data-e-type=\"widget\" data-widget_type=\"text-editor.default\">\n\t\t\t\t<div class=\"elementor-widget-container\">\n\t\t\t\t\t\t\t\t\t<p><b style=\"color: #ffffff; font-family: 'courier new', courier, monospace; font-size: 10pt; letter-spacing: var(--bodyLetterSpacing); text-transform: var(--bodyTextTransform);\">Para nosotros, siempre form\u00f3 parte del ministerio el dejar reexaminar nuestro llamado en Hamburgo cada 5 a\u00f1os por el liderazgo local de la iglesia. Cada vez que nos llamaban de nuevo est\u00e1bamos en Tenerife y en eso nos mov\u00eda la pregunta: \"\u00bfQu\u00e9 si Dios no confirma nuestro llamado en Hamburgo? La respuesta era siempre la misma: \"...entonces fundemos una nueva iglesia aqu\u00ed, \u00a1parece que hay necesidad!\".\u00a0<\/b><\/p>\t\t\t\t\t\t\t\t<\/div>\n\t\t\t\t<\/div>\n\t\t\t\t\t<\/div>\n\t\t<\/div>\n\t\t\t\t<div class=\"elementor-column elementor-col-33 elementor-inner-column elementor-element elementor-element-d365aee\" data-id=\"d365aee\" data-element_type=\"column\" data-e-type=\"column\">\n\t\t\t<div class=\"elementor-widget-wrap elementor-element-populated\">\n\t\t\t\t\t\t<div class=\"elementor-element elementor-element-73e0496 elementor-widget elementor-widget-text-editor\" data-id=\"73e0496\" data-element_type=\"widget\" data-e-type=\"widget\" data-widget_type=\"text-editor.default\">\n\t\t\t\t<div class=\"elementor-widget-container\">\n\t\t\t\t\t\t\t\t\t<p><span style=\"font-family: 'courier new', courier, monospace; font-size: 10pt;\"><b style=\"color: #ffffff;\">El 2021 fue el a\u00f1o en el que ya no dejamos confirmar nuestro llamado por la iglesia en Hamburgo, sino que fue Dios quien puso en nuestros corazones terminar de pensar la idea de una plantaci\u00f3n de iglesia en Tenerife. El resultado fue el despertar una pasi\u00f3n y amor por la isla que hasta entonces s\u00f3lo conoc\u00edamos por Hamburgo. Dios estaba poniendo la isla en nuestros corazones de una manera completamente diferente.<\/b><\/span><\/p>\t\t\t\t\t\t\t\t<\/div>\n\t\t\t\t<\/div>\n\t\t\t\t\t<\/div>\n\t\t<\/div>\n\t\t\t\t\t<\/div>\n\t\t<\/section>\n\t\t\t\t\t<\/div>\n\t\t<\/div>\n\t\t\t\t\t<\/div>\n\t\t<\/section>\n\t\t\t\t<section class=\"elementor-section elementor-top-section elementor-element elementor-element-b9afc58 elementor-section-boxed elementor-section-height-default elementor-section-height-default\" data-id=\"b9afc58\" data-element_type=\"section\" data-e-type=\"section\" data-settings=\"{&quot;background_background&quot;:&quot;classic&quot;}\">\n\t\t\t\t\t\t<div class=\"elementor-container elementor-column-gap-default\">\n\t\t\t\t\t<div class=\"elementor-column elementor-col-100 elementor-top-column elementor-element elementor-element-ec35eef\" data-id=\"ec35eef\" data-element_type=\"column\" data-e-type=\"column\" data-settings=\"{&quot;background_background&quot;:&quot;classic&quot;}\">\n\t\t\t<div class=\"elementor-widget-wrap elementor-element-populated\">\n\t\t\t\t\t\t<section class=\"elementor-section elementor-inner-section elementor-element elementor-element-1ffd072 elementor-section-boxed elementor-section-height-default elementor-section-height-default\" data-id=\"1ffd072\" data-element_type=\"section\" data-e-type=\"section\" data-settings=\"{&quot;background_background&quot;:&quot;gradient&quot;}\">\n\t\t\t\t\t\t<div class=\"elementor-container elementor-column-gap-default\">\n\t\t\t\t\t<div class=\"elementor-column elementor-col-33 elementor-inner-column elementor-element elementor-element-c8e0207\" data-id=\"c8e0207\" data-element_type=\"column\" data-e-type=\"column\" data-settings=\"{&quot;background_background&quot;:&quot;classic&quot;}\">\n\t\t\t<div class=\"elementor-widget-wrap elementor-element-populated\">\n\t\t\t\t\t\t<div class=\"elementor-element elementor-element-fb388e5 elementor-widget elementor-widget-text-editor\" data-id=\"fb388e5\" data-element_type=\"widget\" data-e-type=\"widget\" data-widget_type=\"text-editor.default\">\n\t\t\t\t<div class=\"elementor-widget-container\">\n\t\t\t\t\t\t\t\t\t<p><span style=\"color: #000000; font-family: impact, sans-serif;\"><span style=\"font-size: 24px;\">SANTA CRUZ ES LA CONCLUSI\u00d3N L\u00d3GICA<\/span><\/span><\/p>\n<p><span style=\"color: #000000; font-size: 10pt; font-family: 'courier new', courier, monospace;\"><strong>Somos tipos urbanos, gente de ciudad - sin duda. Donde se re\u00fanen muchas personas es donde queremos estar. Santa Cruz, como capital de la isla, es el entorno adecuado para nosotros y el lugar donde m\u00e1s gente hay, es decir, donde m\u00e1s se dirige la mirada de Dios cuando mira a esta isla. Ah\u00ed queremos estar y construir una iglesia para ellos.<\/strong><\/span><\/p>\t\t\t\t\t\t\t\t<\/div>\n\t\t\t\t<\/div>\n\t\t\t\t\t<\/div>\n\t\t<\/div>\n\t\t\t\t<div class=\"elementor-column elementor-col-33 elementor-inner-column elementor-element elementor-element-c145ebe\" data-id=\"c145ebe\" data-element_type=\"column\" data-e-type=\"column\" data-settings=\"{&quot;background_background&quot;:&quot;classic&quot;}\">\n\t\t\t<div class=\"elementor-widget-wrap elementor-element-populated\">\n\t\t\t\t\t\t<div class=\"elementor-element elementor-element-fa99778 elementor-widget elementor-widget-text-editor\" data-id=\"fa99778\" data-element_type=\"widget\" data-e-type=\"widget\" data-widget_type=\"text-editor.default\">\n\t\t\t\t<div class=\"elementor-widget-container\">\n\t\t\t\t\t\t\t\t\t<p style=\"margin: 0cm; font-size: 12pt; font-family: Calibri, sans-serif; color: #000000;\"><span style=\"color: #000000;\"><strong><span style=\"font-size: 10pt; font-family: 'courier new', courier, monospace;\">La Iglesia cat\u00f3lica, que durante mucho tiempo desempe\u00f1\u00f3 un papel muy dominante en la cultura espa\u00f1ola, ha perdido la confianza y la sociedad es ahora mayoritariamente secular.<\/span><\/strong><\/span><\/p><p style=\"margin: 0cm; font-size: 12pt; font-family: Calibri, sans-serif; color: #000000;\"><span style=\"color: #000000;\"><strong><span style=\"font-size: 10pt; font-family: 'courier new', courier, monospace;\">\u00a0<\/span><\/strong><\/span><\/p><p style=\"margin: 0cm; font-size: 12pt; font-family: Calibri, sans-serif; color: #000000;\"><span style=\"color: #000000;\"><strong><span style=\"font-size: 10pt; font-family: 'courier new', courier, monospace;\">Los evang\u00e9licos no representan mucho m\u00e1s del 1-2% de la poblaci\u00f3n a nivel nacional, y la mayor\u00eda de la gente en Espa\u00f1a y las Islas Canarias, nunca han escuchado el mensaje completo del Evangelio.<\/span><\/strong><\/span><\/p><p style=\"margin: 0cm; font-size: 12pt; font-family: Calibri, sans-serif; color: #000000;\"><span style=\"font-weight: bold; font-family: 'courier new', courier, monospace; font-size: 13.3333px;\">Queremos ofrecer una alternativa.<\/span><span style=\"color: #000000;\"><strong><span style=\"font-size: 10pt; font-family: 'courier new', courier, monospace;\"><br \/><\/span><\/strong><\/span><\/p>\t\t\t\t\t\t\t\t<\/div>\n\t\t\t\t<\/div>\n\t\t\t\t\t<\/div>\n\t\t<\/div>\n\t\t\t\t<div class=\"elementor-column elementor-col-33 elementor-inner-column elementor-element elementor-element-8ebed16\" data-id=\"8ebed16\" data-element_type=\"column\" data-e-type=\"column\" data-settings=\"{&quot;background_background&quot;:&quot;classic&quot;}\">\n\t\t\t<div class=\"elementor-widget-wrap elementor-element-populated\">\n\t\t\t\t\t\t<div class=\"elementor-element elementor-element-94d3efc elementor-widget elementor-widget-text-editor\" data-id=\"94d3efc\" data-element_type=\"widget\" data-e-type=\"widget\" data-widget_type=\"text-editor.default\">\n\t\t\t\t<div class=\"elementor-widget-container\">\n\t\t\t\t\t\t\t\t\t<p><span style=\"color: #000000; font-weight: var( --e-global-typography-text-font-weight ); letter-spacing: var(--bodyLetterSpacing); text-transform: var(--bodyTextTransform); font-family: 'courier new', courier, monospace; font-size: 10pt;\"><b>Con una de las tasas de desempleo m\u00e1s altas del pa\u00eds, una tasa de divorcios muy elevada y entre los 5 primeros puestos en las estad\u00edsticas de depresi\u00f3n, Santa Cruz nos parece el lugar donde m\u00e1s se necesita la esperanza del Evangelio.<\/b><\/span><b style=\"color: #000000; letter-spacing: var(--bodyLetterSpacing); text-transform: var(--bodyTextTransform); font-family: 'courier new', courier, monospace; font-size: 10pt;\">&nbsp;<\/b><\/p>\n<p><span style=\"color: #000000;\"><b style=\"font-family: 'courier new', courier, monospace; font-size: 10pt; letter-spacing: var(--bodyLetterSpacing); text-transform: var(--bodyTextTransform);\">A partir de julio de 2022 queremos vivir all\u00ed y dejarnos mostrar d\u00f3nde va a empezar nuestro trabajo. Santa Cruz (y La Laguna) ser\u00e1 nuestro nuevo hogar.<\/b><\/span><\/p>\t\t\t\t\t\t\t\t<\/div>\n\t\t\t\t<\/div>\n\t\t\t\t\t<\/div>\n\t\t<\/div>\n\t\t\t\t\t<\/div>\n\t\t<\/section>\n\t\t\t\t\t<\/div>\n\t\t<\/div>\n\t\t\t\t\t<\/div>\n\t\t<\/section>\n\t\t\t\t<section class=\"elementor-section elementor-top-section elementor-element elementor-element-a6598e4 elementor-section-boxed elementor-section-height-default elementor-section-height-default\" data-id=\"a6598e4\" data-element_type=\"section\" data-e-type=\"section\" data-settings=\"{&quot;background_background&quot;:&quot;classic&quot;}\">\n\t\t\t\t\t\t<div class=\"elementor-container elementor-column-gap-default\">\n\t\t\t\t\t<div class=\"elementor-column elementor-col-50 elementor-top-column elementor-element elementor-element-f7f0afc\" data-id=\"f7f0afc\" data-element_type=\"column\" data-e-type=\"column\">\n\t\t\t<div class=\"elementor-widget-wrap elementor-element-populated\">\n\t\t\t\t\t\t<div class=\"elementor-element elementor-element-e7322b8 elementor-widget elementor-widget-heading\" data-id=\"e7322b8\" data-element_type=\"widget\" data-e-type=\"widget\" data-widget_type=\"heading.default\">\n\t\t\t\t<div class=\"elementor-widget-container\">\n\t\t\t\t\t<h5 class=\"elementor-heading-title elementor-size-default\">\u00bfPODR\u00cdAS IMAGINARTE<br>UNS DABEI ZU UNTERST\u00dcTZEN?<\/h5>\t\t\t\t<\/div>\n\t\t\t\t<\/div>\n\t\t\t\t\t<\/div>\n\t\t<\/div>\n\t\t\t\t<div class=\"elementor-column elementor-col-50 elementor-top-column elementor-element elementor-element-16dce5a\" data-id=\"16dce5a\" data-element_type=\"column\" data-e-type=\"column\">\n\t\t\t<div class=\"elementor-widget-wrap elementor-element-populated\">\n\t\t\t\t\t\t<div class=\"elementor-element elementor-element-1f6001d elementor-mobile-align-center elementor-widget elementor-widget-button\" data-id=\"1f6001d\" data-element_type=\"widget\" data-e-type=\"widget\" data-widget_type=\"button.default\">\n\t\t\t\t<div class=\"elementor-widget-container\">\n\t\t\t\t\t\t\t\t\t<div class=\"elementor-button-wrapper\">\n\t\t\t\t\t<a class=\"elementor-button elementor-button-link elementor-size-md\" href=\"https:\/\/www.deepl.com\/\" http=\"\">\n\t\t\t\t\t\t<span class=\"elementor-button-content-wrapper\">\n\t\t\t\t\t\t\t\t\t<span class=\"elementor-button-text\">\u00a1HAZ CLIC AQU\u00cd!<\/span>\n\t\t\t\t\t<\/span>\n\t\t\t\t\t<\/a>\n\t\t\t\t<\/div>\n\t\t\t\t\t\t\t\t<\/div>\n\t\t\t\t<\/div>\n\t\t\t\t\t<\/div>\n\t\t<\/div>\n\t\t\t\t\t<\/div>\n\t\t<\/section>\n\t\t\t\t<\/div>","protected":false},"excerpt":{"rendered":"<p>http:\/\/tenerife.andereya.info\/wp-content\/uploads\/2022\/03\/Insta-1_de.movhttp:\/\/tenerife.andereya.info\/wp-content\/uploads\/2022\/03\/Insta-1_es.mov SANTA CRUZ&#8230;\u00a0 &#8230;ist die Hauptstadt von Teneriffa und liegt im Nordosten der Insel. Das Gebiet (zusammen mit La Laguna, Tegueste und El Rosario) hat mehr als 423.000 Einwohner. Santa&hellip;&nbsp;<a href=\"https:\/\/tenerife.andereya.info\/es\/santa-cruz\" rel=\"bookmark\">Leer m\u00e1s &raquo;<span class=\"screen-reader-text\">Santa Cruz<\/span><\/a><\/p>","protected":false},"author":1,"featured_media":0,"parent":0,"menu_order":0,"comment_status":"closed","ping_status":"closed","template":"page-templates\/template-pagebuilder-full-width.php","meta":{"neve_meta_sidebar":"","neve_meta_container":"","neve_meta_enable_content_width":"","neve_meta_content_width":0,"neve_meta_title_alignment":"","neve_meta_author_avatar":"","neve_post_elements_order":"","neve_meta_disable_header":"","neve_meta_disable_footer":"","neve_meta_disable_title":"","footnotes":""},"class_list":["post-1724","page","type-page","status-publish","hentry"],"_links":{"self":[{"href":"https:\/\/tenerife.andereya.info\/es\/wp-json\/wp\/v2\/pages\/1724","targetHints":{"allow":["GET"]}}],"collection":[{"href":"https:\/\/tenerife.andereya.info\/es\/wp-json\/wp\/v2\/pages"}],"about":[{"href":"https:\/\/tenerife.andereya.info\/es\/wp-json\/wp\/v2\/types\/page"}],"author":[{"embeddable":true,"href":"https:\/\/tenerife.andereya.info\/es\/wp-json\/wp\/v2\/users\/1"}],"replies":[{"embeddable":true,"href":"https:\/\/tenerife.andereya.info\/es\/wp-json\/wp\/v2\/comments?post=1724"}],"version-history":[{"count":79,"href":"https:\/\/tenerife.andereya.info\/es\/wp-json\/wp\/v2\/pages\/1724\/revisions"}],"predecessor-version":[{"id":2477,"href":"https:\/\/tenerife.andereya.info\/es\/wp-json\/wp\/v2\/pages\/1724\/revisions\/2477"}],"wp:attachment":[{"href":"https:\/\/tenerife.andereya.info\/es\/wp-json\/wp\/v2\/media?parent=1724"}],"curies":[{"name":"wp","href":"https:\/\/api.w.org\/{rel}","templated":true}]}}