{"id":918,"date":"2021-12-30T10:07:26","date_gmt":"2021-12-30T08:07:26","guid":{"rendered":"http:\/\/iglesia.andereya.info\/?page_id=918"},"modified":"2023-01-06T16:49:50","modified_gmt":"2023-01-06T14:49:50","slug":"mach-mit","status":"publish","type":"page","link":"http:\/\/tenerife.andereya.info\/es\/mach-mit","title":{"rendered":"Mach mit!"},"content":{"rendered":"<div data-elementor-type=\"wp-page\" data-elementor-id=\"918\" class=\"elementor elementor-918\">\n\t\t\t\t\t\t<section class=\"elementor-section elementor-top-section elementor-element elementor-element-894d4dd elementor-section-boxed elementor-section-height-default elementor-section-height-default\" data-id=\"894d4dd\" data-element_type=\"section\" data-e-type=\"section\" data-settings=\"{&quot;background_background&quot;:&quot;classic&quot;}\">\n\t\t\t\t\t\t<div class=\"elementor-container elementor-column-gap-default\">\n\t\t\t\t\t<div class=\"elementor-column elementor-col-100 elementor-top-column elementor-element elementor-element-4784923\" data-id=\"4784923\" data-element_type=\"column\" data-e-type=\"column\" data-settings=\"{&quot;background_background&quot;:&quot;classic&quot;}\">\n\t\t\t<div class=\"elementor-widget-wrap elementor-element-populated\">\n\t\t\t\t\t<div class=\"elementor-background-overlay\"><\/div>\n\t\t\t\t\t\t<section class=\"elementor-section elementor-inner-section elementor-element elementor-element-3bacb87 elementor-section-boxed elementor-section-height-default elementor-section-height-default\" data-id=\"3bacb87\" data-element_type=\"section\" data-e-type=\"section\" data-settings=\"{&quot;background_background&quot;:&quot;gradient&quot;}\">\n\t\t\t\t\t\t<div class=\"elementor-container elementor-column-gap-default\">\n\t\t\t\t\t<div class=\"elementor-column elementor-col-50 elementor-inner-column elementor-element elementor-element-566f1c5\" data-id=\"566f1c5\" data-element_type=\"column\" data-e-type=\"column\" data-settings=\"{&quot;background_background&quot;:&quot;classic&quot;}\">\n\t\t\t<div class=\"elementor-widget-wrap elementor-element-populated\">\n\t\t\t\t\t\t<div class=\"elementor-element elementor-element-6b524bd elementor-widget elementor-widget-image\" data-id=\"6b524bd\" data-element_type=\"widget\" data-e-type=\"widget\" data-no-translation=\"\" data-widget_type=\"image.default\">\n\t\t\t\t<div class=\"elementor-widget-container\">\n\t\t\t\t\t<style>.elementor-element-6b524bd{display:none !important}<\/style>\t\t\t\t<\/div>\n\t\t\t\t<\/div>\n\t\t\t\t<div class=\"elementor-element elementor-element-3db9cd2 elementor-widget elementor-widget-image\" data-id=\"3db9cd2\" data-element_type=\"widget\" data-e-type=\"widget\" data-no-translation=\"\" data-widget_type=\"image.default\">\n\t\t\t\t<div class=\"elementor-widget-container\">\n\t\t\t\t\t\t\t\t\t\t\t\t\t\t\t<img fetchpriority=\"high\" decoding=\"async\" width=\"768\" height=\"479\" src=\"https:\/\/tenerife.andereya.info\/wp-content\/uploads\/2022\/03\/partner_es-768x479.png\" class=\"attachment-medium_large size-medium_large wp-image-1889\" alt=\"\" srcset=\"https:\/\/tenerife.andereya.info\/wp-content\/uploads\/2022\/03\/partner_es-768x479.png 768w, https:\/\/tenerife.andereya.info\/wp-content\/uploads\/2022\/03\/partner_es-300x187.png 300w, https:\/\/tenerife.andereya.info\/wp-content\/uploads\/2022\/03\/partner_es-1024x639.png 1024w, https:\/\/tenerife.andereya.info\/wp-content\/uploads\/2022\/03\/partner_es-1536x958.png 1536w, https:\/\/tenerife.andereya.info\/wp-content\/uploads\/2022\/03\/partner_es-2048x1277.png 2048w, https:\/\/tenerife.andereya.info\/wp-content\/uploads\/2022\/03\/partner_es-18x12.png 18w\" sizes=\"(max-width: 768px) 100vw, 768px\" \/>\t\t\t\t\t\t\t\t\t\t\t\t\t\t\t<\/div>\n\t\t\t\t<\/div>\n\t\t\t\t\t<\/div>\n\t\t<\/div>\n\t\t\t\t<div class=\"elementor-column elementor-col-50 elementor-inner-column elementor-element elementor-element-e798e29\" data-id=\"e798e29\" data-element_type=\"column\" data-e-type=\"column\" data-settings=\"{&quot;background_background&quot;:&quot;classic&quot;}\">\n\t\t\t<div class=\"elementor-widget-wrap elementor-element-populated\">\n\t\t\t\t\t\t<div class=\"elementor-element elementor-element-5d3ff8b elementor-invisible elementor-widget elementor-widget-video\" data-id=\"5d3ff8b\" data-element_type=\"widget\" data-e-type=\"widget\" data-settings=\"{&quot;show_image_overlay&quot;:&quot;yes&quot;,&quot;image_overlay&quot;:{&quot;url&quot;:&quot;http:\\\/\\\/iglesia.andereya.info\\\/wp-content\\\/uploads\\\/2021\\\/12\\\/video_bg_5.jpg&quot;,&quot;id&quot;:1122,&quot;size&quot;:&quot;&quot;,&quot;alt&quot;:&quot;&quot;,&quot;source&quot;:&quot;library&quot;},&quot;_animation&quot;:&quot;shake&quot;,&quot;video_type&quot;:&quot;hosted&quot;,&quot;controls&quot;:&quot;yes&quot;}\" data-no-translation=\"\" data-widget_type=\"video.default\">\n\t\t\t\t<div class=\"elementor-widget-container\">\n\t\t\t\t\t<style>.elementor-element-5d3ff8b{display:none !important}<\/style>\t\t\t\t<\/div>\n\t\t\t\t<\/div>\n\t\t\t\t<div class=\"elementor-element elementor-element-2eef745 elementor-invisible elementor-widget elementor-widget-video\" data-id=\"2eef745\" data-element_type=\"widget\" data-e-type=\"widget\" data-settings=\"{&quot;show_image_overlay&quot;:&quot;yes&quot;,&quot;image_overlay&quot;:{&quot;url&quot;:&quot;http:\\\/\\\/iglesia.andereya.info\\\/wp-content\\\/uploads\\\/2021\\\/12\\\/video_bg_5.jpg&quot;,&quot;id&quot;:1122,&quot;size&quot;:&quot;&quot;,&quot;alt&quot;:&quot;&quot;,&quot;source&quot;:&quot;library&quot;},&quot;_animation&quot;:&quot;shake&quot;,&quot;video_type&quot;:&quot;hosted&quot;,&quot;controls&quot;:&quot;yes&quot;}\" data-no-translation=\"\" data-widget_type=\"video.default\">\n\t\t\t\t<div class=\"elementor-widget-container\">\n\t\t\t\t\t\t\t<div class=\"e-hosted-video elementor-wrapper elementor-open-inline\">\n\t\t\t\t\t<video class=\"elementor-video\" src=\"http:\/\/tenerife.andereya.info\/wp-content\/uploads\/2022\/05\/apoyo_01.mp4\" controls=\"\" preload=\"metadata\" controlslist=\"nodownload\"><\/video>\n\t\t\t\t\t\t<div class=\"elementor-custom-embed-image-overlay\" style=\"background-image: url(https:\/\/tenerife.andereya.info\/wp-content\/uploads\/2021\/12\/video_bg_5-768x432.jpg);\">\n\t\t\t\t\t\t\t\t\t\t\t\t\t\t\t\t<div class=\"elementor-custom-embed-play\" role=\"button\" aria-label=\"Reproducir v\u00eddeo\" tabindex=\"0\">\n\t\t\t\t\t\t\t<i aria-hidden=\"true\" class=\"eicon-play\"><\/i>\t\t\t\t\t\t<\/div>\n\t\t\t\t\t\t\t\t\t<\/div>\n\t\t\t\t\t<\/div>\n\t\t\t\t\t\t<\/div>\n\t\t\t\t<\/div>\n\t\t\t\t\t<\/div>\n\t\t<\/div>\n\t\t\t\t\t<\/div>\n\t\t<\/section>\n\t\t\t\t\t<\/div>\n\t\t<\/div>\n\t\t\t\t\t<\/div>\n\t\t<\/section>\n\t\t\t\t<section class=\"elementor-section elementor-top-section elementor-element elementor-element-551056d elementor-section-boxed elementor-section-height-default elementor-section-height-default\" data-id=\"551056d\" data-element_type=\"section\" data-e-type=\"section\" data-settings=\"{&quot;background_background&quot;:&quot;classic&quot;}\">\n\t\t\t\t\t\t<div class=\"elementor-container elementor-column-gap-default\">\n\t\t\t\t\t<div class=\"elementor-column elementor-col-100 elementor-top-column elementor-element elementor-element-fbd5ed1\" data-id=\"fbd5ed1\" data-element_type=\"column\" data-e-type=\"column\">\n\t\t\t<div class=\"elementor-widget-wrap elementor-element-populated\">\n\t\t\t\t\t\t<div class=\"elementor-element elementor-element-0429fe6 elementor-widget elementor-widget-text-editor\" data-id=\"0429fe6\" data-element_type=\"widget\" data-e-type=\"widget\" data-widget_type=\"text-editor.default\">\n\t\t\t\t<div class=\"elementor-widget-container\">\n\t\t\t\t\t\t\t\t\t<p style=\"text-align: center;\"><span style=\"font-size: 18pt; font-family: impact, sans-serif; color: #000000;\">Tres formas para ser parte de nuestra plantaci\u00f3n de iglesia - no importando d\u00f3nde es est\u00e9s.<\/span><\/p>\t\t\t\t\t\t\t\t<\/div>\n\t\t\t\t<\/div>\n\t\t\t\t\t<\/div>\n\t\t<\/div>\n\t\t\t\t\t<\/div>\n\t\t<\/section>\n\t\t\t\t<section class=\"elementor-section elementor-top-section elementor-element elementor-element-81f3064 elementor-section-boxed elementor-section-height-default elementor-section-height-default\" data-id=\"81f3064\" data-element_type=\"section\" data-e-type=\"section\" data-settings=\"{&quot;background_background&quot;:&quot;classic&quot;}\">\n\t\t\t\t\t\t<div class=\"elementor-container elementor-column-gap-default\">\n\t\t\t\t\t<div class=\"elementor-column elementor-col-33 elementor-top-column elementor-element elementor-element-d12f4ea\" data-id=\"d12f4ea\" data-element_type=\"column\" data-e-type=\"column\" data-settings=\"{&quot;background_background&quot;:&quot;classic&quot;}\">\n\t\t\t<div class=\"elementor-widget-wrap elementor-element-populated\">\n\t\t\t\t\t\t<div class=\"elementor-element elementor-element-a5c9b35 elementor-widget elementor-widget-image\" data-id=\"a5c9b35\" data-element_type=\"widget\" data-e-type=\"widget\" data-no-translation=\"\" data-widget_type=\"image.default\">\n\t\t\t\t<div class=\"elementor-widget-container\">\n\t\t\t\t\t<style>.elementor-element-a5c9b35{display:none !important}<\/style>\t\t\t\t<\/div>\n\t\t\t\t<\/div>\n\t\t\t\t<div class=\"elementor-element elementor-element-16ada75 elementor-widget elementor-widget-image\" data-id=\"16ada75\" data-element_type=\"widget\" data-e-type=\"widget\" data-no-translation=\"\" data-widget_type=\"image.default\">\n\t\t\t\t<div class=\"elementor-widget-container\">\n\t\t\t\t\t\t\t\t\t\t\t\t\t\t\t<img decoding=\"async\" width=\"300\" height=\"169\" src=\"https:\/\/tenerife.andereya.info\/wp-content\/uploads\/2022\/01\/Acompanar01-300x169.png\" class=\"attachment-medium size-medium wp-image-1413\" alt=\"\" srcset=\"https:\/\/tenerife.andereya.info\/wp-content\/uploads\/2022\/01\/Acompanar01-300x169.png 300w, https:\/\/tenerife.andereya.info\/wp-content\/uploads\/2022\/01\/Acompanar01-1024x576.png 1024w, https:\/\/tenerife.andereya.info\/wp-content\/uploads\/2022\/01\/Acompanar01-768x432.png 768w, https:\/\/tenerife.andereya.info\/wp-content\/uploads\/2022\/01\/Acompanar01-18x10.png 18w, https:\/\/tenerife.andereya.info\/wp-content\/uploads\/2022\/01\/Acompanar01.png 1265w\" sizes=\"(max-width: 300px) 100vw, 300px\" \/>\t\t\t\t\t\t\t\t\t\t\t\t\t\t\t<\/div>\n\t\t\t\t<\/div>\n\t\t\t\t<div class=\"elementor-element elementor-element-47c01a3 elementor-widget elementor-widget-text-editor\" data-id=\"47c01a3\" data-element_type=\"widget\" data-e-type=\"widget\" data-widget_type=\"text-editor.default\">\n\t\t\t\t<div class=\"elementor-widget-container\">\n\t\t\t\t\t\t\t\t\t<p><span style=\"font-family: 'courier new', courier, monospace;\"><b style=\"letter-spacing: var(--bodyLetterSpacing); text-transform: var(--bodyTextTransform); font-size: 13.3333px; color: #000000;\">La plantaci\u00f3n de iglesias no se hace solo. Sabemos que Dios ya ha elegido a hombres y mujeres para que formen parte de nuestro equipo de plantaci\u00f3n... estamos muy emocionados por conocerlos y emprender esta aventura juntos. Vamos a ver si encajamos y si es posible un proyecto juntos.<\/b><\/span><\/p>\t\t\t\t\t\t\t\t<\/div>\n\t\t\t\t<\/div>\n\t\t\t\t<div class=\"elementor-element elementor-element-71901d1 elementor-mobile-align-center elementor-align-center elementor-widget elementor-widget-button\" data-id=\"71901d1\" data-element_type=\"widget\" data-e-type=\"widget\" data-widget_type=\"button.default\">\n\t\t\t\t<div class=\"elementor-widget-container\">\n\t\t\t\t\t\t\t\t\t<div class=\"elementor-button-wrapper\">\n\t\t\t\t\t<a class=\"elementor-button elementor-button-link elementor-size-md\" href=\"http:\/\/tenerife.andereya.info\/es\/mitkommen\/\" http=\"\">\n\t\t\t\t\t\t<span class=\"elementor-button-content-wrapper\">\n\t\t\t\t\t\t\t\t\t<span class=\"elementor-button-text\">\u00daNETE A NOSOTROS<\/span>\n\t\t\t\t\t<\/span>\n\t\t\t\t\t<\/a>\n\t\t\t\t<\/div>\n\t\t\t\t\t\t\t\t<\/div>\n\t\t\t\t<\/div>\n\t\t\t\t\t<\/div>\n\t\t<\/div>\n\t\t\t\t<div class=\"elementor-column elementor-col-33 elementor-top-column elementor-element elementor-element-e489666\" data-id=\"e489666\" data-element_type=\"column\" data-e-type=\"column\" data-settings=\"{&quot;background_background&quot;:&quot;classic&quot;}\">\n\t\t\t<div class=\"elementor-widget-wrap elementor-element-populated\">\n\t\t\t\t\t\t<div class=\"elementor-element elementor-element-163f597 elementor-widget elementor-widget-image\" data-id=\"163f597\" data-element_type=\"widget\" data-e-type=\"widget\" data-no-translation=\"\" data-widget_type=\"image.default\">\n\t\t\t\t<div class=\"elementor-widget-container\">\n\t\t\t\t\t<style>.elementor-element-163f597{display:none !important}<\/style>\t\t\t\t<\/div>\n\t\t\t\t<\/div>\n\t\t\t\t<div class=\"elementor-element elementor-element-9d86dbb elementor-widget elementor-widget-image\" data-id=\"9d86dbb\" data-element_type=\"widget\" data-e-type=\"widget\" data-no-translation=\"\" data-widget_type=\"image.default\">\n\t\t\t\t<div class=\"elementor-widget-container\">\n\t\t\t\t\t\t\t\t\t\t\t\t\t\t\t<img decoding=\"async\" width=\"300\" height=\"169\" src=\"https:\/\/tenerife.andereya.info\/wp-content\/uploads\/2022\/01\/Dar02_2-300x169.png\" class=\"attachment-medium size-medium wp-image-1417\" alt=\"\" srcset=\"https:\/\/tenerife.andereya.info\/wp-content\/uploads\/2022\/01\/Dar02_2-300x169.png 300w, https:\/\/tenerife.andereya.info\/wp-content\/uploads\/2022\/01\/Dar02_2-1024x576.png 1024w, https:\/\/tenerife.andereya.info\/wp-content\/uploads\/2022\/01\/Dar02_2-768x432.png 768w, https:\/\/tenerife.andereya.info\/wp-content\/uploads\/2022\/01\/Dar02_2-18x10.png 18w, https:\/\/tenerife.andereya.info\/wp-content\/uploads\/2022\/01\/Dar02_2.png 1265w\" sizes=\"(max-width: 300px) 100vw, 300px\" \/>\t\t\t\t\t\t\t\t\t\t\t\t\t\t\t<\/div>\n\t\t\t\t<\/div>\n\t\t\t\t<div class=\"elementor-element elementor-element-1acabd2 elementor-widget elementor-widget-text-editor\" data-id=\"1acabd2\" data-element_type=\"widget\" data-e-type=\"widget\" data-widget_type=\"text-editor.default\">\n\t\t\t\t<div class=\"elementor-widget-container\">\n\t\t\t\t\t\t\t\t\t<p><strong style=\"color: var( --e-global-color-text ); font-family: var( --e-global-typography-text-font-family ), Sans-serif; font-size: var(--bodyFontSize); letter-spacing: var(--bodyLetterSpacing); text-transform: var(--bodyTextTransform);\"><span style=\"color: #000000; font-family: 'courier new', courier, monospace;\"><span style=\"font-size: 10pt;\">El desaf\u00edo actual es asegurar nuestro sustento y los costes de la plantaci\u00f3n de iglesia. El c\u00e1lculo se basa en la normativa de la Allianzmission. <\/span><\/span><\/strong><\/p><p><strong style=\"color: var( --e-global-color-text ); font-family: var( --e-global-typography-text-font-family ), Sans-serif; font-size: var(--bodyFontSize); letter-spacing: var(--bodyLetterSpacing); text-transform: var(--bodyTextTransform);\"><span style=\"color: #000000; font-family: 'courier new', courier, monospace;\"><span style=\"font-size: 10pt;\">Gracias a amigos y partner, hemos alcanzado el 100% del de recaudaci\u00f3n de fondos en el 2022. \u00bfQuieres apoyarnos t\u00fa tambi\u00e9n?<\/span><\/span><\/strong><\/p>\t\t\t\t\t\t\t\t<\/div>\n\t\t\t\t<\/div>\n\t\t\t\t<div class=\"elementor-element elementor-element-91fb1bb elementor-widget elementor-widget-progress\" data-id=\"91fb1bb\" data-element_type=\"widget\" data-e-type=\"widget\" data-widget_type=\"progress.default\">\n\t\t\t\t<div class=\"elementor-widget-container\">\n\t\t\t\t\t\t\t\t<span class=\"elementor-title\" id=\"elementor-progress-bar-91fb1bb\">\n\t\t\t\tEstado actual para el 2023: \t\t\t<\/span>\n\t\t\n\t\t<div aria-labelledby=\"elementor-progress-bar-91fb1bb\" class=\"elementor-progress-wrapper\" role=\"progressbar\" aria-valuemin=\"0\" aria-valuemax=\"100\" aria-valuenow=\"80\" aria-valuetext=\"80% (Spendenzusagen)\">\n\t\t\t<div class=\"elementor-progress-bar\" data-max=\"80\">\n\t\t\t\t<span class=\"elementor-progress-text\">Compromisos de donaci\u00f3n<\/span>\n\t\t\t\t\t\t\t\t\t<span class=\"elementor-progress-percentage\">80%<\/span>\n\t\t\t\t\t\t\t<\/div>\n\t\t<\/div>\n\t\t\t\t\t\t<\/div>\n\t\t\t\t<\/div>\n\t\t\t\t<div class=\"elementor-element elementor-element-2930c43 elementor-mobile-align-center elementor-align-center elementor-widget elementor-widget-button\" data-id=\"2930c43\" data-element_type=\"widget\" data-e-type=\"widget\" data-widget_type=\"button.default\">\n\t\t\t\t<div class=\"elementor-widget-container\">\n\t\t\t\t\t\t\t\t\t<div class=\"elementor-button-wrapper\">\n\t\t\t\t\t<a class=\"elementor-button elementor-button-link elementor-size-md\" href=\"http:\/\/tenerife.andereya.info\/es\/partner-werden\/\" http=\"\">\n\t\t\t\t\t\t<span class=\"elementor-button-content-wrapper\">\n\t\t\t\t\t\t\t\t\t<span class=\"elementor-button-text\">SE NUESTRO PARTNER<\/span>\n\t\t\t\t\t<\/span>\n\t\t\t\t\t<\/a>\n\t\t\t\t<\/div>\n\t\t\t\t\t\t\t\t<\/div>\n\t\t\t\t<\/div>\n\t\t\t\t\t<\/div>\n\t\t<\/div>\n\t\t\t\t<div class=\"elementor-column elementor-col-33 elementor-top-column elementor-element elementor-element-56f1cb4\" data-id=\"56f1cb4\" data-element_type=\"column\" data-e-type=\"column\" data-settings=\"{&quot;background_background&quot;:&quot;classic&quot;}\">\n\t\t\t<div class=\"elementor-widget-wrap elementor-element-populated\">\n\t\t\t\t\t\t<div class=\"elementor-element elementor-element-cbac66c elementor-widget elementor-widget-image\" data-id=\"cbac66c\" data-element_type=\"widget\" data-e-type=\"widget\" data-no-translation=\"\" data-widget_type=\"image.default\">\n\t\t\t\t<div class=\"elementor-widget-container\">\n\t\t\t\t\t<style>.elementor-element-cbac66c{display:none !important}<\/style>\t\t\t\t<\/div>\n\t\t\t\t<\/div>\n\t\t\t\t<div class=\"elementor-element elementor-element-9e4ccb8 elementor-widget elementor-widget-image\" data-id=\"9e4ccb8\" data-element_type=\"widget\" data-e-type=\"widget\" data-no-translation=\"\" data-widget_type=\"image.default\">\n\t\t\t\t<div class=\"elementor-widget-container\">\n\t\t\t\t\t\t\t\t\t\t\t\t\t\t\t<img loading=\"lazy\" decoding=\"async\" width=\"300\" height=\"169\" src=\"https:\/\/tenerife.andereya.info\/wp-content\/uploads\/2022\/01\/Orar02-300x169.png\" class=\"attachment-medium size-medium wp-image-1415\" alt=\"\" srcset=\"https:\/\/tenerife.andereya.info\/wp-content\/uploads\/2022\/01\/Orar02-300x169.png 300w, https:\/\/tenerife.andereya.info\/wp-content\/uploads\/2022\/01\/Orar02-1024x576.png 1024w, https:\/\/tenerife.andereya.info\/wp-content\/uploads\/2022\/01\/Orar02-768x432.png 768w, https:\/\/tenerife.andereya.info\/wp-content\/uploads\/2022\/01\/Orar02-18x10.png 18w, https:\/\/tenerife.andereya.info\/wp-content\/uploads\/2022\/01\/Orar02.png 1265w\" sizes=\"(max-width: 300px) 100vw, 300px\" \/>\t\t\t\t\t\t\t\t\t\t\t\t\t\t\t<\/div>\n\t\t\t\t<\/div>\n\t\t\t\t<div class=\"elementor-element elementor-element-bf5cbd8 elementor-widget elementor-widget-text-editor\" data-id=\"bf5cbd8\" data-element_type=\"widget\" data-e-type=\"widget\" data-widget_type=\"text-editor.default\">\n\t\t\t\t<div class=\"elementor-widget-container\">\n\t\t\t\t\t\t\t\t\t<p><strong style=\"color: #ffffff; font-size: 10pt; font-family: var( --e-global-typography-text-font-family ), Sans-serif; letter-spacing: var(--bodyLetterSpacing); text-transform: var(--bodyTextTransform);\"><span style=\"font-family: 'courier new', courier, monospace;\">Para nuestro equipo de oraci\u00f3n estamos buscando al menos\u00a0<\/span><\/strong><\/p><p style=\"text-align: center;\"><span style=\"font-size: 24pt; color: #ffffff; font-family: impact, sans-serif;\"><strong>300 intercesores,\u00a0<\/strong><\/span><\/p><p><span style=\"font-size: 10pt; color: #ffffff;\"><strong><span style=\"font-family: 'courier new', courier, monospace;\">que oren desde Alemania por nosotros.\u00a0<\/span><\/strong><\/span><span style=\"font-size: 10pt; color: #ffffff;\"><strong><span style=\"font-family: 'courier new', courier, monospace;\">Todos los miembros de nuestro equipo de oraci\u00f3n reciben actualizaciones a trav\u00e9s de un canal privado en Instagram o por correo electr\u00f3nico.<\/span><\/strong><\/span><\/p>\t\t\t\t\t\t\t\t<\/div>\n\t\t\t\t<\/div>\n\t\t\t\t<div class=\"elementor-element elementor-element-1ef59bc elementor-widget elementor-widget-progress\" data-id=\"1ef59bc\" data-element_type=\"widget\" data-e-type=\"widget\" data-widget_type=\"progress.default\">\n\t\t\t\t<div class=\"elementor-widget-container\">\n\t\t\t\t\t\t\t\t<span class=\"elementor-title\" id=\"elementor-progress-bar-1ef59bc\">\n\t\t\t\tEstado actual:\t\t\t<\/span>\n\t\t\n\t\t<div aria-labelledby=\"elementor-progress-bar-1ef59bc\" class=\"elementor-progress-wrapper\" role=\"progressbar\" aria-valuemin=\"0\" aria-valuemax=\"100\" aria-valuenow=\"81\" aria-valuetext=\"81% (Beter)\">\n\t\t\t<div class=\"elementor-progress-bar\" data-max=\"81\">\n\t\t\t\t<span class=\"elementor-progress-text\">Intercesores<\/span>\n\t\t\t\t\t\t\t\t\t<span class=\"elementor-progress-percentage\">81%<\/span>\n\t\t\t\t\t\t\t<\/div>\n\t\t<\/div>\n\t\t\t\t\t\t<\/div>\n\t\t\t\t<\/div>\n\t\t\t\t<div class=\"elementor-element elementor-element-5800e14 elementor-mobile-align-center elementor-align-center elementor-widget elementor-widget-button\" data-id=\"5800e14\" data-element_type=\"widget\" data-e-type=\"widget\" data-widget_type=\"button.default\">\n\t\t\t\t<div class=\"elementor-widget-container\">\n\t\t\t\t\t\t\t\t\t<div class=\"elementor-button-wrapper\">\n\t\t\t\t\t<a class=\"elementor-button elementor-button-link elementor-size-md\" href=\"http:\/\/tenerife.andereya.info\/es\/gebetspartner-werden\/\" http=\"\">\n\t\t\t\t\t\t<span class=\"elementor-button-content-wrapper\">\n\t\t\t\t\t\t\t\t\t<span class=\"elementor-button-text\">SE NUESTRO INTERCESOR<\/span>\n\t\t\t\t\t<\/span>\n\t\t\t\t\t<\/a>\n\t\t\t\t<\/div>\n\t\t\t\t\t\t\t\t<\/div>\n\t\t\t\t<\/div>\n\t\t\t\t\t<\/div>\n\t\t<\/div>\n\t\t\t\t\t<\/div>\n\t\t<\/section>\n\t\t\t\t<section class=\"elementor-section elementor-top-section elementor-element elementor-element-5e41ec1 elementor-section-boxed elementor-section-height-default elementor-section-height-default\" data-id=\"5e41ec1\" data-element_type=\"section\" data-e-type=\"section\">\n\t\t\t\t\t\t<div class=\"elementor-container elementor-column-gap-default\">\n\t\t\t\t\t<div class=\"elementor-column elementor-col-100 elementor-top-column elementor-element elementor-element-1047fac\" data-id=\"1047fac\" data-element_type=\"column\" data-e-type=\"column\">\n\t\t\t<div class=\"elementor-widget-wrap elementor-element-populated\">\n\t\t\t\t\t\t<div class=\"elementor-element elementor-element-f9e2016 elementor-widget elementor-widget-text-editor\" data-id=\"f9e2016\" data-element_type=\"widget\" data-e-type=\"widget\" data-widget_type=\"text-editor.default\">\n\t\t\t\t<div class=\"elementor-widget-container\">\n\t\t\t\t\t\t\t\t\t<p style=\"text-align: center;\"><span style=\"color: #000000; font-size: 36pt;\"><strong><span style=\"font-family: impact, sans-serif;\">\u00a1GRACIAS!<\/span><\/strong><\/span><\/p>\t\t\t\t\t\t\t\t<\/div>\n\t\t\t\t<\/div>\n\t\t\t\t\t<\/div>\n\t\t<\/div>\n\t\t\t\t\t<\/div>\n\t\t<\/section>\n\t\t\t\t<section class=\"elementor-section elementor-top-section elementor-element elementor-element-9585321 elementor-section-boxed elementor-section-height-default elementor-section-height-default\" data-id=\"9585321\" data-element_type=\"section\" data-e-type=\"section\">\n\t\t\t\t\t\t<div class=\"elementor-container elementor-column-gap-default\">\n\t\t\t\t\t<div class=\"elementor-column elementor-col-100 elementor-top-column elementor-element elementor-element-9d07aa7\" data-id=\"9d07aa7\" data-element_type=\"column\" data-e-type=\"column\">\n\t\t\t<div class=\"elementor-widget-wrap\">\n\t\t\t\t\t\t\t<\/div>\n\t\t<\/div>\n\t\t\t\t\t<\/div>\n\t\t<\/section>\n\t\t\t\t<\/div>","protected":false},"excerpt":{"rendered":"<p>http:\/\/tenerife.andereya.info\/wp-content\/uploads\/2022\/05\/de_apoyo.mp4http:\/\/tenerife.andereya.info\/wp-content\/uploads\/2022\/05\/apoyo_01.mp4 DREI WEGE, WIE DU TEIL VON\u00a0 UNSERER GEMEINDEGR\u00dcNDUNG WERDEN KANNST &#8211; EGAL WO DU BIST: Gemeinde gr\u00fcndet man nicht alleine! Wir wissen, dass Gott bereits M\u00e4nner und Frauen ausgesucht&hellip;&nbsp;<a href=\"http:\/\/tenerife.andereya.info\/es\/mach-mit\" rel=\"bookmark\">Leer m\u00e1s &raquo;<span class=\"screen-reader-text\">Mach mit!<\/span><\/a><\/p>","protected":false},"author":1,"featured_media":0,"parent":0,"menu_order":0,"comment_status":"closed","ping_status":"closed","template":"page-templates\/template-pagebuilder-full-width.php","meta":{"neve_meta_sidebar":"","neve_meta_container":"","neve_meta_enable_content_width":"","neve_meta_content_width":0,"neve_meta_title_alignment":"","neve_meta_author_avatar":"","neve_post_elements_order":"","neve_meta_disable_header":"","neve_meta_disable_footer":"","neve_meta_disable_title":"","footnotes":""},"class_list":["post-918","page","type-page","status-publish","hentry"],"_links":{"self":[{"href":"http:\/\/tenerife.andereya.info\/es\/wp-json\/wp\/v2\/pages\/918","targetHints":{"allow":["GET"]}}],"collection":[{"href":"http:\/\/tenerife.andereya.info\/es\/wp-json\/wp\/v2\/pages"}],"about":[{"href":"http:\/\/tenerife.andereya.info\/es\/wp-json\/wp\/v2\/types\/page"}],"author":[{"embeddable":true,"href":"http:\/\/tenerife.andereya.info\/es\/wp-json\/wp\/v2\/users\/1"}],"replies":[{"embeddable":true,"href":"http:\/\/tenerife.andereya.info\/es\/wp-json\/wp\/v2\/comments?post=918"}],"version-history":[{"count":442,"href":"http:\/\/tenerife.andereya.info\/es\/wp-json\/wp\/v2\/pages\/918\/revisions"}],"predecessor-version":[{"id":2570,"href":"http:\/\/tenerife.andereya.info\/es\/wp-json\/wp\/v2\/pages\/918\/revisions\/2570"}],"wp:attachment":[{"href":"http:\/\/tenerife.andereya.info\/es\/wp-json\/wp\/v2\/media?parent=918"}],"curies":[{"name":"wp","href":"https:\/\/api.w.org\/{rel}","templated":true}]}}