{"id":1578,"date":"2022-01-03T19:48:14","date_gmt":"2022-01-03T17:48:14","guid":{"rendered":"http:\/\/haven.andereya.info\/?page_id=1578"},"modified":"2022-05-20T14:56:07","modified_gmt":"2022-05-20T12:56:07","slug":"gebetspartner-werden","status":"publish","type":"page","link":"http:\/\/tenerife.andereya.info\/es\/gebetspartner-werden","title":{"rendered":"Gebetspartner werden"},"content":{"rendered":"\t\t<div data-elementor-type=\"wp-page\" data-elementor-id=\"1578\" class=\"elementor elementor-1578\">\n\t\t\t\t\t\t<section class=\"elementor-section elementor-top-section elementor-element elementor-element-fd2c70a elementor-section-boxed elementor-section-height-default elementor-section-height-default\" data-id=\"fd2c70a\" data-element_type=\"section\" data-e-type=\"section\" data-settings=\"{&quot;background_background&quot;:&quot;classic&quot;}\">\n\t\t\t\t\t\t<div class=\"elementor-container elementor-column-gap-default\">\n\t\t\t\t\t<div class=\"elementor-column elementor-col-100 elementor-top-column elementor-element elementor-element-2aed2a4\" data-id=\"2aed2a4\" data-element_type=\"column\" data-e-type=\"column\" data-settings=\"{&quot;background_background&quot;:&quot;classic&quot;}\">\n\t\t\t<div class=\"elementor-widget-wrap elementor-element-populated\">\n\t\t\t\t\t\t<section class=\"elementor-section elementor-inner-section elementor-element elementor-element-9b8a0b8 elementor-section-boxed elementor-section-height-default elementor-section-height-default\" data-id=\"9b8a0b8\" data-element_type=\"section\" data-e-type=\"section\" data-settings=\"{&quot;background_background&quot;:&quot;gradient&quot;}\">\n\t\t\t\t\t\t<div class=\"elementor-container elementor-column-gap-default\">\n\t\t\t\t\t<div class=\"elementor-column elementor-col-50 elementor-inner-column elementor-element elementor-element-6f16b9b\" data-id=\"6f16b9b\" data-element_type=\"column\" data-e-type=\"column\">\n\t\t\t<div class=\"elementor-widget-wrap elementor-element-populated\">\n\t\t\t\t\t\t<div class=\"elementor-element elementor-element-3a90166 elementor-widget elementor-widget-text-editor\" data-id=\"3a90166\" data-element_type=\"widget\" data-e-type=\"widget\" data-widget_type=\"text-editor.default\">\n\t\t\t\t<div class=\"elementor-widget-container\">\n\t\t\t\t\t\t\t\t\t<p><span style=\"font-size: 18pt; color: #cfff00;\"><span style=\"font-family: impact, sans-serif;\"><strong><span class=\"JsGRdQ\">DANKE, F\u00dcR DEINE UNTERST\u00dcTZUNG!&nbsp;<\/span><\/strong><\/span><\/span><\/p>\n<p><strong><span style=\"color: #ffffff; font-family: courier new, courier, monospace; font-size: small;\">Geistliche Arbeit braucht Gebet. Dich so als Teil unserer&nbsp;<span style=\"caret-color: #ffffff;\">Gemeindegr\u00fcndung dabeizuhaben bedeutet uns viel.&nbsp;<\/span>&nbsp;Wir stellen uns daraus ein, als Familie eine lange Zeit, alleine auf auf dem Missionsfeld vor Ort zu sein. Zu wissen, dass auch du f\u00fcr uns betest macht uns Mut.&nbsp;<\/span><\/strong><\/p>\n<p><strong><span style=\"font-size: 10pt; color: #ffffff; font-family: 'courier new', courier, monospace;\">Trage dich im folgenden Formular ein. Wir versprechen mit deinen Daten gewissenhaft umzugehen.<\/span><\/strong><\/p>\t\t\t\t\t\t\t\t<\/div>\n\t\t\t\t<\/div>\n\t\t\t\t\t<\/div>\n\t\t<\/div>\n\t\t\t\t<div class=\"elementor-column elementor-col-50 elementor-inner-column elementor-element elementor-element-592a72c\" data-id=\"592a72c\" data-element_type=\"column\" data-e-type=\"column\">\n\t\t\t<div class=\"elementor-widget-wrap elementor-element-populated\">\n\t\t\t\t\t\t<div class=\"elementor-element elementor-element-03c009e elementor-widget elementor-widget-image\" data-id=\"03c009e\" data-element_type=\"widget\" data-e-type=\"widget\" data-widget_type=\"image.default\">\n\t\t\t\t<div class=\"elementor-widget-container\">\n\t\t\t\t\t\t\t\t\t\t\t\t\t\t\t<img fetchpriority=\"high\" decoding=\"async\" width=\"1024\" height=\"720\" src=\"https:\/\/tenerife.andereya.info\/wp-content\/uploads\/2022\/01\/genial-1024x720.png\" class=\"attachment-large size-large wp-image-1467\" alt=\"\" srcset=\"https:\/\/tenerife.andereya.info\/wp-content\/uploads\/2022\/01\/genial-1024x720.png 1024w, https:\/\/tenerife.andereya.info\/wp-content\/uploads\/2022\/01\/genial-300x211.png 300w, https:\/\/tenerife.andereya.info\/wp-content\/uploads\/2022\/01\/genial-768x540.png 768w, https:\/\/tenerife.andereya.info\/wp-content\/uploads\/2022\/01\/genial-1536x1080.png 1536w, https:\/\/tenerife.andereya.info\/wp-content\/uploads\/2022\/01\/genial-2048x1440.png 2048w, https:\/\/tenerife.andereya.info\/wp-content\/uploads\/2022\/01\/genial-18x12.png 18w\" sizes=\"(max-width: 1024px) 100vw, 1024px\" \/>\t\t\t\t\t\t\t\t\t\t\t\t\t\t\t<\/div>\n\t\t\t\t<\/div>\n\t\t\t\t\t<\/div>\n\t\t<\/div>\n\t\t\t\t\t<\/div>\n\t\t<\/section>\n\t\t\t\t\t<\/div>\n\t\t<\/div>\n\t\t\t\t\t<\/div>\n\t\t<\/section>\n\t\t\t\t<section class=\"elementor-section elementor-top-section elementor-element elementor-element-f3bb90e elementor-section-boxed elementor-section-height-default elementor-section-height-default\" data-id=\"f3bb90e\" data-element_type=\"section\" data-e-type=\"section\" data-settings=\"{&quot;background_background&quot;:&quot;classic&quot;}\">\n\t\t\t\t\t\t<div class=\"elementor-container elementor-column-gap-default\">\n\t\t\t\t\t<div class=\"elementor-column elementor-col-50 elementor-top-column elementor-element elementor-element-14739df\" data-id=\"14739df\" data-element_type=\"column\" data-e-type=\"column\">\n\t\t\t<div class=\"elementor-widget-wrap elementor-element-populated\">\n\t\t\t\t\t\t<div class=\"elementor-element elementor-element-cda01fb elementor-widget__width-inherit elementor-widget elementor-widget-wp-widget-wpforms-widget\" data-id=\"cda01fb\" data-element_type=\"widget\" data-e-type=\"widget\" data-widget_type=\"wp-widget-wpforms-widget.default\">\n\t\t\t\t<div class=\"elementor-widget-container\">\n\t\t\t\t\t<h5>ALS GEBETSPARTNER ANMELDEN:<\/h5><div class=\"wpforms-container wpforms-container-full\" id=\"wpforms-1586\"><form id=\"wpforms-form-1586\" class=\"wpforms-validate wpforms-form wpforms-ajax-form\" data-formid=\"1586\" method=\"post\" enctype=\"multipart\/form-data\" action=\"\/es\/wp-json\/wp\/v2\/pages\/1578\" data-token=\"94ee1e1521517bfd6603b11eb968374e\"><noscript class=\"wpforms-error-noscript\">Por favor, activa JavaScript en tu navegador para completar este formulario.<\/noscript><div class=\"wpforms-field-container\"><div id=\"wpforms-1586-field_1-container\" class=\"wpforms-field wpforms-field-name\" data-field-id=\"1\"><label class=\"wpforms-field-label\" for=\"wpforms-1586-field_1\">Name <span class=\"wpforms-required-label\">*<\/span><\/label><div class=\"wpforms-field-row wpforms-field-medium\"><div class=\"wpforms-field-row-block wpforms-first wpforms-one-half\"><input type=\"text\" id=\"wpforms-1586-field_1\" class=\"wpforms-field-name-first wpforms-field-required\" name=\"wpforms[fields][1][first]\" required><label for=\"wpforms-1586-field_1\" class=\"wpforms-field-sublabel after \">Nombre<\/label><\/div><div class=\"wpforms-field-row-block wpforms-one-half\"><input type=\"text\" id=\"wpforms-1586-field_1-last\" class=\"wpforms-field-name-last wpforms-field-required\" name=\"wpforms[fields][1][last]\" required><label for=\"wpforms-1586-field_1-last\" class=\"wpforms-field-sublabel after \">Apellidos<\/label><\/div><\/div><\/div><div id=\"wpforms-1586-field_6-container\" class=\"wpforms-field wpforms-field-phone\" data-field-id=\"6\"><label class=\"wpforms-field-label\" for=\"wpforms-1586-field_6\">Mobil<\/label><input type=\"tel\" id=\"wpforms-1586-field_6\" class=\"wpforms-field-medium wpforms-smart-phone-field\" data-rule-smart-phone-field=\"true\" name=\"wpforms[fields][6]\" ><\/div><div id=\"wpforms-1586-field_2-container\" class=\"wpforms-field wpforms-field-email\" data-field-id=\"2\"><label class=\"wpforms-field-label\" for=\"wpforms-1586-field_2\">Email <span class=\"wpforms-required-label\">*<\/span><\/label><input type=\"email\" id=\"wpforms-1586-field_2\" class=\"wpforms-field-medium wpforms-field-required\" name=\"wpforms[fields][2]\" required><\/div><div id=\"wpforms-1586-field_3-container\" class=\"wpforms-field wpforms-field-radio\" data-field-id=\"3\"><label class=\"wpforms-field-label\" for=\"wpforms-1586-field_3\">Wie d\u00fcrfen wir dich auf dem laufenden halten? <span class=\"wpforms-required-label\">*<\/span><\/label><ul id=\"wpforms-1586-field_3\" class=\"wpforms-field-required\"><li class=\"choice-1 depth-1\"><input type=\"radio\" id=\"wpforms-1586-field_3_1\" name=\"wpforms[fields][3]\" value=\"per Email\" required ><label class=\"wpforms-field-label-inline\" for=\"wpforms-1586-field_3_1\">per Email<\/label><\/li><li class=\"choice-3 depth-1\"><input type=\"radio\" id=\"wpforms-1586-field_3_3\" name=\"wpforms[fields][3]\" value=\"per Instagram (empfohlen)\" required ><label class=\"wpforms-field-label-inline\" for=\"wpforms-1586-field_3_3\">per Instagram (empfohlen)<\/label><\/li><\/ul><\/div><\/div><div class=\"wpforms-submit-container\"><input type=\"hidden\" name=\"wpforms[id]\" value=\"1586\"><input type=\"hidden\" name=\"wpforms[author]\" value=\"1\"><button type=\"submit\" name=\"wpforms[submit]\" id=\"wpforms-submit-1586\" class=\"wpforms-submit\" data-alt-text=\"Sending...\" data-submit-text=\"SENDEN\" aria-live=\"assertive\" value=\"wpforms-submit\">SENDEN<\/button><img decoding=\"async\" src=\"http:\/\/tenerife.andereya.info\/wp-content\/plugins\/wpforms\/assets\/images\/submit-spin.svg\" class=\"wpforms-submit-spinner\" style=\"display: none;\" width=\"26\" height=\"26\" alt=\"\"><\/div><\/form><\/div>  <!-- .wpforms-container -->\t\t\t\t<\/div>\n\t\t\t\t<\/div>\n\t\t\t\t\t<\/div>\n\t\t<\/div>\n\t\t\t\t<div class=\"elementor-column elementor-col-50 elementor-top-column elementor-element elementor-element-e6e883d\" data-id=\"e6e883d\" data-element_type=\"column\" data-e-type=\"column\">\n\t\t\t<div class=\"elementor-widget-wrap elementor-element-populated\">\n\t\t\t\t\t\t<div class=\"elementor-element elementor-element-e6ddd54 elementor-widget elementor-widget-facebook-embed\" data-id=\"e6ddd54\" data-element_type=\"widget\" data-e-type=\"widget\" data-widget_type=\"facebook-embed.default\">\n\t\t\t\t<div class=\"elementor-widget-container\">\n\t\t\t\t\t<div style=\"min-height: 1px\" class=\"elementor-facebook-widget fb-post\" data-href=\"https:\/\/www.instagram.com\/hans.andereya\/\" data-show-text=\"false\"><\/div>\t\t\t\t<\/div>\n\t\t\t\t<\/div>\n\t\t\t\t<div class=\"elementor-element elementor-element-8b33678 elementor-widget elementor-widget-text-editor\" data-id=\"8b33678\" data-element_type=\"widget\" data-e-type=\"widget\" data-widget_type=\"text-editor.default\">\n\t\t\t\t<div class=\"elementor-widget-container\">\n\t\t\t\t\t\t\t\t\t<span style=\"font-family: impact, sans-serif; font-size: 14pt; color: #000000;\">ODER FOLGE UNS DIREKT AUF INSTAGRAM\u00a0<\/span>\n<span style=\"font-family: impact, sans-serif; font-size: 14pt; color: #000000;\">(PRIVATER KANAL):<\/span>\t\t\t\t\t\t\t\t<\/div>\n\t\t\t\t<\/div>\n\t\t\t\t<div class=\"elementor-element elementor-element-1a45a12 elementor-widget elementor-widget-image\" data-id=\"1a45a12\" data-element_type=\"widget\" data-e-type=\"widget\" data-widget_type=\"image.default\">\n\t\t\t\t<div class=\"elementor-widget-container\">\n\t\t\t\t\t\t\t\t\t\t\t\t\t\t\t\t<a href=\"https:\/\/instagram.com\/andereyas_tenerife?r=nametag\" target=\"_blank\">\n\t\t\t\t\t\t\t<img decoding=\"async\" width=\"300\" height=\"300\" src=\"https:\/\/tenerife.andereya.info\/wp-content\/uploads\/2022\/01\/insta_qr-300x300.png\" class=\"attachment-medium size-medium wp-image-1730\" alt=\"\" srcset=\"https:\/\/tenerife.andereya.info\/wp-content\/uploads\/2022\/01\/insta_qr-300x300.png 300w, https:\/\/tenerife.andereya.info\/wp-content\/uploads\/2022\/01\/insta_qr-1024x1024.png 1024w, https:\/\/tenerife.andereya.info\/wp-content\/uploads\/2022\/01\/insta_qr-150x150.png 150w, https:\/\/tenerife.andereya.info\/wp-content\/uploads\/2022\/01\/insta_qr-768x768.png 768w, https:\/\/tenerife.andereya.info\/wp-content\/uploads\/2022\/01\/insta_qr-1536x1536.png 1536w, https:\/\/tenerife.andereya.info\/wp-content\/uploads\/2022\/01\/insta_qr-2048x2048.png 2048w, https:\/\/tenerife.andereya.info\/wp-content\/uploads\/2022\/01\/insta_qr-12x12.png 12w\" sizes=\"(max-width: 300px) 100vw, 300px\" \/>\t\t\t\t\t\t\t\t<\/a>\n\t\t\t\t\t\t\t\t\t\t\t\t\t\t\t<\/div>\n\t\t\t\t<\/div>\n\t\t\t\t\t<\/div>\n\t\t<\/div>\n\t\t\t\t\t<\/div>\n\t\t<\/section>\n\t\t\t\t<section class=\"elementor-section elementor-top-section elementor-element elementor-element-616c8c5 elementor-section-boxed elementor-section-height-default elementor-section-height-default\" data-id=\"616c8c5\" data-element_type=\"section\" data-e-type=\"section\">\n\t\t\t\t\t\t<div class=\"elementor-container elementor-column-gap-default\">\n\t\t\t\t\t<div class=\"elementor-column elementor-col-100 elementor-top-column elementor-element elementor-element-a17f77a\" data-id=\"a17f77a\" data-element_type=\"column\" data-e-type=\"column\">\n\t\t\t<div class=\"elementor-widget-wrap elementor-element-populated\">\n\t\t\t\t\t\t<div class=\"elementor-element elementor-element-66aa807 elementor-widget elementor-widget-text-editor\" data-id=\"66aa807\" data-element_type=\"widget\" data-e-type=\"widget\" data-widget_type=\"text-editor.default\">\n\t\t\t\t<div class=\"elementor-widget-container\">\n\t\t\t\t\t\t\t\t\t<p style=\"text-align: center;\"><span style=\"color: #000000; font-size: 36pt;\"><strong><span style=\"font-family: impact, sans-serif;\">DANKE!<\/span><\/strong><\/span><\/p>\t\t\t\t\t\t\t\t<\/div>\n\t\t\t\t<\/div>\n\t\t\t\t\t<\/div>\n\t\t<\/div>\n\t\t\t\t\t<\/div>\n\t\t<\/section>\n\t\t\t\t<\/div>\n\t\t","protected":false},"excerpt":{"rendered":"<p>DANKE, F\u00dcR DEINE UNTERST\u00dcTZUNG!&nbsp; Geistliche Arbeit braucht Gebet. Dich so als Teil unserer&nbsp;Gemeindegr\u00fcndung dabeizuhaben bedeutet uns viel.&nbsp;&nbsp;Wir stellen uns daraus ein, als Familie eine lange Zeit, alleine auf auf dem&hellip;&nbsp;<a href=\"http:\/\/tenerife.andereya.info\/es\/gebetspartner-werden\" rel=\"bookmark\">Leer m\u00e1s &raquo;<span class=\"screen-reader-text\">Gebetspartner werden<\/span><\/a><\/p>","protected":false},"author":1,"featured_media":0,"parent":0,"menu_order":0,"comment_status":"closed","ping_status":"closed","template":"page-templates\/template-pagebuilder-full-width.php","meta":{"neve_meta_sidebar":"","neve_meta_container":"","neve_meta_enable_content_width":"","neve_meta_content_width":0,"neve_meta_title_alignment":"","neve_meta_author_avatar":"","neve_post_elements_order":"","neve_meta_disable_header":"","neve_meta_disable_footer":"","neve_meta_disable_title":"","footnotes":""},"class_list":["post-1578","page","type-page","status-publish","hentry"],"_links":{"self":[{"href":"http:\/\/tenerife.andereya.info\/es\/wp-json\/wp\/v2\/pages\/1578","targetHints":{"allow":["GET"]}}],"collection":[{"href":"http:\/\/tenerife.andereya.info\/es\/wp-json\/wp\/v2\/pages"}],"about":[{"href":"http:\/\/tenerife.andereya.info\/es\/wp-json\/wp\/v2\/types\/page"}],"author":[{"embeddable":true,"href":"http:\/\/tenerife.andereya.info\/es\/wp-json\/wp\/v2\/users\/1"}],"replies":[{"embeddable":true,"href":"http:\/\/tenerife.andereya.info\/es\/wp-json\/wp\/v2\/comments?post=1578"}],"version-history":[{"count":49,"href":"http:\/\/tenerife.andereya.info\/es\/wp-json\/wp\/v2\/pages\/1578\/revisions"}],"predecessor-version":[{"id":2486,"href":"http:\/\/tenerife.andereya.info\/es\/wp-json\/wp\/v2\/pages\/1578\/revisions\/2486"}],"wp:attachment":[{"href":"http:\/\/tenerife.andereya.info\/es\/wp-json\/wp\/v2\/media?parent=1578"}],"curies":[{"name":"wp","href":"https:\/\/api.w.org\/{rel}","templated":true}]}}