{"id":1421,"date":"2022-01-03T13:23:06","date_gmt":"2022-01-03T11:23:06","guid":{"rendered":"http:\/\/haven.andereya.info\/?page_id=1421"},"modified":"2022-06-23T09:43:22","modified_gmt":"2022-06-23T07:43:22","slug":"partner-werden","status":"publish","type":"page","link":"http:\/\/tenerife.andereya.info\/es\/partner-werden","title":{"rendered":"Sponsor werden"},"content":{"rendered":"<div data-elementor-type=\"wp-page\" data-elementor-id=\"1421\" class=\"elementor elementor-1421\">\n\t\t\t\t\t\t<section class=\"elementor-section elementor-top-section elementor-element elementor-element-fd2c70a elementor-section-boxed elementor-section-height-default elementor-section-height-default\" data-id=\"fd2c70a\" data-element_type=\"section\" data-e-type=\"section\" data-settings=\"{&quot;background_background&quot;:&quot;classic&quot;}\">\n\t\t\t\t\t\t<div class=\"elementor-container elementor-column-gap-default\">\n\t\t\t\t\t<div class=\"elementor-column elementor-col-100 elementor-top-column elementor-element elementor-element-2aed2a4\" data-id=\"2aed2a4\" data-element_type=\"column\" data-e-type=\"column\" data-settings=\"{&quot;background_background&quot;:&quot;classic&quot;}\">\n\t\t\t<div class=\"elementor-widget-wrap elementor-element-populated\">\n\t\t\t\t\t\t<section class=\"elementor-section elementor-inner-section elementor-element elementor-element-9b8a0b8 elementor-section-boxed elementor-section-height-default elementor-section-height-default\" data-id=\"9b8a0b8\" data-element_type=\"section\" data-e-type=\"section\" data-settings=\"{&quot;background_background&quot;:&quot;gradient&quot;}\">\n\t\t\t\t\t\t<div class=\"elementor-container elementor-column-gap-default\">\n\t\t\t\t\t<div class=\"elementor-column elementor-col-50 elementor-inner-column elementor-element elementor-element-6f16b9b\" data-id=\"6f16b9b\" data-element_type=\"column\" data-e-type=\"column\">\n\t\t\t<div class=\"elementor-widget-wrap elementor-element-populated\">\n\t\t\t\t\t\t<div class=\"elementor-element elementor-element-03c009e elementor-widget elementor-widget-image\" data-id=\"03c009e\" data-element_type=\"widget\" data-e-type=\"widget\" data-widget_type=\"image.default\">\n\t\t\t\t<div class=\"elementor-widget-container\">\n\t\t\t\t\t\t\t\t\t\t\t\t\t\t\t<img fetchpriority=\"high\" decoding=\"async\" width=\"1024\" height=\"720\" src=\"https:\/\/tenerife.andereya.info\/wp-content\/uploads\/2022\/01\/genial-1024x720.png\" class=\"attachment-large size-large wp-image-1467\" alt=\"\" srcset=\"https:\/\/tenerife.andereya.info\/wp-content\/uploads\/2022\/01\/genial-1024x720.png 1024w, https:\/\/tenerife.andereya.info\/wp-content\/uploads\/2022\/01\/genial-300x211.png 300w, https:\/\/tenerife.andereya.info\/wp-content\/uploads\/2022\/01\/genial-768x540.png 768w, https:\/\/tenerife.andereya.info\/wp-content\/uploads\/2022\/01\/genial-1536x1080.png 1536w, https:\/\/tenerife.andereya.info\/wp-content\/uploads\/2022\/01\/genial-2048x1440.png 2048w, https:\/\/tenerife.andereya.info\/wp-content\/uploads\/2022\/01\/genial-18x12.png 18w\" sizes=\"(max-width: 1024px) 100vw, 1024px\" \/>\t\t\t\t\t\t\t\t\t\t\t\t\t\t\t<\/div>\n\t\t\t\t<\/div>\n\t\t\t\t\t<\/div>\n\t\t<\/div>\n\t\t\t\t<div class=\"elementor-column elementor-col-50 elementor-inner-column elementor-element elementor-element-592a72c\" data-id=\"592a72c\" data-element_type=\"column\" data-e-type=\"column\">\n\t\t\t<div class=\"elementor-widget-wrap elementor-element-populated\">\n\t\t\t\t\t\t<div class=\"elementor-element elementor-element-3a90166 elementor-widget elementor-widget-text-editor\" data-id=\"3a90166\" data-element_type=\"widget\" data-e-type=\"widget\" data-widget_type=\"text-editor.default\">\n\t\t\t\t<div class=\"elementor-widget-container\">\n\t\t\t\t\t\t\t\t\t<p><span style=\"font-size: 18pt; color: #cfff00;\"><span style=\"font-family: impact, sans-serif;\"><strong><span class=\"JsGRdQ\">\u00a1GRACIAS POR TU GENEROSIDAD!\u00a0<\/span><\/strong><\/span><\/span><\/p><p><strong><span style=\"font-size: 10pt; color: #ffffff; font-family: 'courier new', courier, monospace;\">Nuestro proyecto de plantaci\u00f3n de iglesias se financia exclusivamente por donaciones. Las necesidades financieras se cubren con muchos donantes individuales que nos apoyan voluntariamente con sus donaciones.\u00a0<\/span><\/strong><\/p><p><strong><span style=\"font-size: 10pt; color: #ffffff; font-family: 'courier new', courier, monospace;\">La cantidad que des depende de ti. Sobre todo, te agradecemos si nos acompa\u00f1as con donaciones peri\u00f3dicas.\u00a0<\/span><\/strong><\/p>\t\t\t\t\t\t\t\t<\/div>\n\t\t\t\t<\/div>\n\t\t\t\t\t<\/div>\n\t\t<\/div>\n\t\t\t\t\t<\/div>\n\t\t<\/section>\n\t\t\t\t\t<\/div>\n\t\t<\/div>\n\t\t\t\t\t<\/div>\n\t\t<\/section>\n\t\t\t\t<section class=\"elementor-section elementor-top-section elementor-element elementor-element-6dab4e6 elementor-section-boxed elementor-section-height-default elementor-section-height-default\" data-id=\"6dab4e6\" data-element_type=\"section\" data-e-type=\"section\" data-settings=\"{&quot;background_background&quot;:&quot;classic&quot;}\">\n\t\t\t\t\t\t<div class=\"elementor-container elementor-column-gap-default\">\n\t\t\t\t\t<div class=\"elementor-column elementor-col-100 elementor-top-column elementor-element elementor-element-88d539d\" data-id=\"88d539d\" data-element_type=\"column\" data-e-type=\"column\">\n\t\t\t<div class=\"elementor-widget-wrap elementor-element-populated\">\n\t\t\t\t\t\t<div class=\"elementor-element elementor-element-ba8cc7a elementor-widget elementor-widget-text-editor\" data-id=\"ba8cc7a\" data-element_type=\"widget\" data-e-type=\"widget\" data-widget_type=\"text-editor.default\">\n\t\t\t\t<div class=\"elementor-widget-container\">\n\t\t\t\t\t\t\t\t\t<p style=\"text-align: center;\"><span style=\"font-size: 18pt; font-family: impact, sans-serif; color: #ea34d2;\">CUENTA DE LA ALLIANZMISSION :<\/span><br \/><span style=\"font-size: 18pt; font-family: impact, sans-serif; color: #ea34d2;\">IBAN: DE86452604750009110900<\/span><br \/><span style=\"font-size: 18pt; font-family: impact, sans-serif; color: #ea34d2;\">BIC: GENODEM1BFG<\/span><br \/><span style=\"font-size: 18pt; font-family: impact, sans-serif; color: #ea34d2;\">DESTINADO A: Tenerife \/ Andereya<\/span><\/p>\t\t\t\t\t\t\t\t<\/div>\n\t\t\t\t<\/div>\n\t\t\t\t\t<\/div>\n\t\t<\/div>\n\t\t\t\t\t<\/div>\n\t\t<\/section>\n\t\t\t\t<section class=\"elementor-section elementor-top-section elementor-element elementor-element-07b4b0c elementor-section-boxed elementor-section-height-default elementor-section-height-default\" data-id=\"07b4b0c\" data-element_type=\"section\" data-e-type=\"section\">\n\t\t\t\t\t\t<div class=\"elementor-container elementor-column-gap-default\">\n\t\t\t\t\t<div class=\"elementor-column elementor-col-33 elementor-top-column elementor-element elementor-element-9198cf8\" data-id=\"9198cf8\" data-element_type=\"column\" data-e-type=\"column\">\n\t\t\t<div class=\"elementor-widget-wrap\">\n\t\t\t\t\t\t\t<\/div>\n\t\t<\/div>\n\t\t\t\t<div class=\"elementor-column elementor-col-33 elementor-top-column elementor-element elementor-element-8f198e3\" data-id=\"8f198e3\" data-element_type=\"column\" data-e-type=\"column\">\n\t\t\t<div class=\"elementor-widget-wrap elementor-element-populated\">\n\t\t\t\t\t\t<div class=\"elementor-element elementor-element-128af33 elementor-mobile-align-center elementor-align-center animated-fast elementor-invisible elementor-widget elementor-widget-button\" data-id=\"128af33\" data-element_type=\"widget\" data-e-type=\"widget\" data-settings=\"{&quot;_animation&quot;:&quot;pulse&quot;}\" data-widget_type=\"button.default\">\n\t\t\t\t<div class=\"elementor-widget-container\">\n\t\t\t\t\t\t\t\t\t<div class=\"elementor-button-wrapper\">\n\t\t\t\t\t<a class=\"elementor-button elementor-button-link elementor-size-xl\" href=\"https:\/\/www.allianzmission.de\/mitarbeiter\/claudia-und-hans-andereya\/\" target=\"_blank\">\n\t\t\t\t\t\t<span class=\"elementor-button-content-wrapper\">\n\t\t\t\t\t\t\t\t\t<span class=\"elementor-button-text\">DONAR DIRECTAMENTE ONLINE<\/span>\n\t\t\t\t\t<\/span>\n\t\t\t\t\t<\/a>\n\t\t\t\t<\/div>\n\t\t\t\t\t\t\t\t<\/div>\n\t\t\t\t<\/div>\n\t\t\t\t\t<\/div>\n\t\t<\/div>\n\t\t\t\t<div class=\"elementor-column elementor-col-33 elementor-top-column elementor-element elementor-element-a1c3803\" data-id=\"a1c3803\" data-element_type=\"column\" data-e-type=\"column\">\n\t\t\t<div class=\"elementor-widget-wrap\">\n\t\t\t\t\t\t\t<\/div>\n\t\t<\/div>\n\t\t\t\t\t<\/div>\n\t\t<\/section>\n\t\t\t\t<\/div>","protected":false},"excerpt":{"rendered":"<p>DANKE, F\u00dcR DEINE GROSSZ\u00dcGIGKEIT!&nbsp; Unser Gemeindegr\u00fcndungsprojekt finanziert sich ausschlie\u00dflich durch Spenden. Der finanzielle Bedarf wird von vielen Einzelspendern getragen, die uns freiwillig durch ihre Gaben unterst\u00fctzen.&nbsp; Wieviel du gibst, bleibt&hellip;&nbsp;<a href=\"http:\/\/tenerife.andereya.info\/es\/partner-werden\" rel=\"bookmark\">Leer m\u00e1s &raquo;<span class=\"screen-reader-text\">Sponsor werden<\/span><\/a><\/p>","protected":false},"author":1,"featured_media":0,"parent":0,"menu_order":0,"comment_status":"closed","ping_status":"closed","template":"page-templates\/template-pagebuilder-full-width.php","meta":{"neve_meta_sidebar":"","neve_meta_container":"","neve_meta_enable_content_width":"","neve_meta_content_width":0,"neve_meta_title_alignment":"","neve_meta_author_avatar":"","neve_post_elements_order":"","neve_meta_disable_header":"","neve_meta_disable_footer":"","neve_meta_disable_title":"","footnotes":""},"class_list":["post-1421","page","type-page","status-publish","hentry"],"_links":{"self":[{"href":"http:\/\/tenerife.andereya.info\/es\/wp-json\/wp\/v2\/pages\/1421","targetHints":{"allow":["GET"]}}],"collection":[{"href":"http:\/\/tenerife.andereya.info\/es\/wp-json\/wp\/v2\/pages"}],"about":[{"href":"http:\/\/tenerife.andereya.info\/es\/wp-json\/wp\/v2\/types\/page"}],"author":[{"embeddable":true,"href":"http:\/\/tenerife.andereya.info\/es\/wp-json\/wp\/v2\/users\/1"}],"replies":[{"embeddable":true,"href":"http:\/\/tenerife.andereya.info\/es\/wp-json\/wp\/v2\/comments?post=1421"}],"version-history":[{"count":105,"href":"http:\/\/tenerife.andereya.info\/es\/wp-json\/wp\/v2\/pages\/1421\/revisions"}],"predecessor-version":[{"id":2525,"href":"http:\/\/tenerife.andereya.info\/es\/wp-json\/wp\/v2\/pages\/1421\/revisions\/2525"}],"wp:attachment":[{"href":"http:\/\/tenerife.andereya.info\/es\/wp-json\/wp\/v2\/media?parent=1421"}],"curies":[{"name":"wp","href":"https:\/\/api.w.org\/{rel}","templated":true}]}}